{"id":137,"date":"2019-10-09T22:33:17","date_gmt":"2019-10-09T20:33:17","guid":{"rendered":"http:\/\/net-spirit.at\/?page_id=137"},"modified":"2024-11-17T17:57:42","modified_gmt":"2024-11-17T16:57:42","slug":"impressum","status":"publish","type":"page","link":"https:\/\/test1.wunder-entdecken.at\/?page_id=137","title":{"rendered":"Impressum"},"content":{"rendered":"\n<p><strong>Name<\/strong><br \/>\u00a0 \u00a0wunder-entdecken.at<\/p>\n<p><strong>Adresse<\/strong><br \/>\u00a0 \u00a0net-sol GmbH<br \/>\u00a0 \u00a0Ignaz-K\u00f6ck-Strasse 1<br \/>\u00a0 \u00a01210 Wien<\/p>\n<p><strong>E-Mail-Adresse<\/strong><br \/>\u00a0 \u00a0<a href=\"mailto:claudia@wunder-entdecken.at\">claudia@wunder-entdecken.at<\/a><br \/><strong>Telefon<\/strong><br \/>\u00a0 \u00a0+43 676 319 39 57<\/p>\n<p><strong>Umsatzsteuer-ID<\/strong><br \/>\u00a0 \u00a0ATU64367848<\/p>\n<p>Firmenbuchnummer: FN 314363z<br \/>Handelsgericht Wien<\/p>\n\n\n\n<figure class=\"wp-block-image\"><a href=\"https:\/\/firmen.wko.at\/Web\/DetailsKontakt.aspx?FirmaID=4ca04e0f-cd03-4107-bd88-886f1e15d1b9&amp;StandortID=1&amp;StandortName=Wien&amp;Firma=net-sol&amp;CategoryID=0&amp;Page=1\" target=\"_blank\" rel=\"noreferrer noopener\"><img decoding=\"async\" src=\"https:\/\/www.net-sol.at\/media\/images\/tmp296c.png\" alt=\"\"\/><\/a><\/figure>\n\n\n\n<div id=\"cc-m-11827385024\" class=\"j-module n j-header \">\n<h3 id=\"cc-m-header-11827385024\" class=\"\">Bilder &amp; Texte<\/h3>\n<\/div>\n<div id=\"cc-m-11827386924\" class=\"j-module n j-text \">\n<p><strong>Hinweis zu den Bildern im Header (Kopf) unserer Seite:<\/strong><\/p>\n<p>Alle Bilder wurden entweder von uns selbst gemacht, gekauft oder von <a title=\"www.pixelio.de\" href=\"https:\/\/pixabay.com\" target=\"_blank\" rel=\"noopener noreferrer\">pixabay.com<\/a> zur Verf\u00fcgung gestellt. Besonders den K\u00fcnstler<strong> John Hain<\/strong> und den dort ver\u00f6ffentlichenden Fotografen bzw. Bildk\u00fcnstlern m\u00f6chten wir f\u00fcr Ihre Kunst herzlich danken.\u00a0<\/p>\n<p>Die meisten Texte wurden durch uns verfasst und aufbereitet. Wir sehen diese Informationen als Allgemeingut und als solches, soll es auch verbreitet werden k\u00f6nnen.<\/p>\n<\/div>\n<div id=\"cc-m-11827406224\" class=\"j-module n j-header \">\n<h3 id=\"cc-m-header-11827406224\" class=\"\">Haftungsausschluss:<\/h3>\n<\/div>\n<div id=\"cc-m-11827410024\" class=\"j-module n j-text \">\n<p><strong>Haftung f\u00fcr Inhalte<\/strong><\/p>\n<p>Die Inhalte unserer Seiten wurden mit gr\u00f6\u00dfter Sorgfalt erstellt. F\u00fcr die Richtigkeit, Vollst\u00e4ndigkeit und Aktualit\u00e4t der Inhalte, k\u00f6nnen wir jedoch keine Gew\u00e4hr \u00fcbernehmen. Als Dienstanbieter sind wir gem\u00e4\u00df \u00a7 7 Abs.1 TMG f\u00fcr eigene Inhalte auf diesen Seiten nach den allgemeinen Gesetzen verantwortlich. Nach \u00a7\u00a7 8 bis 10 TMG sind wir als Dienstanbieter jedoch nicht verpflichtet, \u00fcbermittelte oder gespeicherte fremde Informationen zu \u00fcberwachen, oder nach Umst\u00e4nden zu forschen, die auf eine rechtswidrige T\u00e4tigkeit hinweisen. Verpflichtungen zur Entfernung oder Sperrung der Nutzung von Informationen nach den allgemeinen Gesetzen bleiben hiervon unber\u00fchrt. Eine diesbez\u00fcgliche Haftung ist jedoch erst ab dem Zeitpunkt der Kenntnis einer konkreten Rechtsverletzung m\u00f6glich. Bei Bekanntwerden von entsprechenden Rechtsverletzungen, werden wir diese Inhalte umgehend entfernen.<\/p>\n<p><strong>Haftung f\u00fcr Links<\/strong><\/p>\n<p>Unser Angebot enth\u00e4lt Links zu externen Webseiten Dritter, auf deren Inhalte wir keinen Einfluss haben. Deshalb k\u00f6nnen wir f\u00fcr diese fremden Inhalte auch keine Gew\u00e4hr \u00fcbernehmen. F\u00fcr die Inhalte der verlinkten Seiten ist stets der jeweilige Anbieter oder Betreiber der Seiten verantwortlich. Die verlinkten Seiten wurden zum Zeitpunkt der Verlinkung auf m\u00f6gliche Rechtsverst\u00f6\u00dfe \u00fcberpr\u00fcft. Rechtswidrige Inhalte waren zum Zeitpunkt der Verlinkung nicht erkennbar. Eine permanente inhaltliche Kontrolle der verlinkten Seiten ist jedoch ohne konkrete Anhaltspunkte einer Rechtsverletzung nicht zumutbar. Bei Bekanntwerden von Rechtsverletzungen werden wir derartige Links umgehend entfernen.<\/p>\n<p><strong>Urheberrecht<\/strong><\/p>\n<p>Die durch die Seitenbetreiber erstellten Inhalte und Werke auf diesen Seiten, unterliegen dem \u00f6sterreichischen Urheberrecht. Die Vervielf\u00e4ltigung, Bearbeitung, Verbreitung und jede Art der Verwertung au\u00dferhalb der Grenzen des Urheberrechtes, bed\u00fcrfen der schriftlichen Zustimmung des jeweiligen Autors bzw. Erstellers. Downloads und Kopien dieser Seite sind nur f\u00fcr den privaten, nicht kommerziellen Gebrauch gestattet. Soweit die Inhalte auf dieser Seite nicht vom Betreiber erstellt wurden, werden die Urheberrechte Dritter beachtet. Insbesondere werden Inhalte Dritter als solche gekennzeichnet. Sollten Sie trotzdem auf eine Urheberrechtsverletzung aufmerksam werden, bitten wir um einen entsprechenden Hinweis. Bei Bekanntwerden von Rechtsverletzungen werden wir derartige Inhalte umgehend entfernen.<\/p>\n<\/div>\n\n\n\n<p><\/p>\n","protected":false},"excerpt":{"rendered":"<p>Name\u00a0 \u00a0wunder-entdecken.at Adresse\u00a0 \u00a0net-sol GmbH\u00a0 \u00a0Ignaz-K\u00f6ck-Strasse 1\u00a0 \u00a01210 Wien E-Mail-Adresse\u00a0 \u00a0claudia@wunder-entdecken.atTelefon\u00a0 \u00a0+43 676 319 39 57 Umsatzsteuer-ID\u00a0 \u00a0ATU64367848 Firmenbuchnummer: FN 314363zHandelsgericht Wien Bilder &amp; Texte Hinweis zu den Bildern im Header (Kopf) unserer Seite: Alle Bilder wurden entweder von uns selbst gemacht, gekauft oder von pixabay.com zur Verf\u00fcgung gestellt. Besonders [&hellip;]<\/p>\n","protected":false},"author":1,"featured_media":0,"parent":0,"menu_order":0,"comment_status":"closed","ping_status":"closed","template":"","meta":{"footnotes":""},"class_list":["post-137","page","type-page","status-publish","hentry"],"_links":{"self":[{"href":"https:\/\/test1.wunder-entdecken.at\/index.php?rest_route=\/wp\/v2\/pages\/137","targetHints":{"allow":["GET"]}}],"collection":[{"href":"https:\/\/test1.wunder-entdecken.at\/index.php?rest_route=\/wp\/v2\/pages"}],"about":[{"href":"https:\/\/test1.wunder-entdecken.at\/index.php?rest_route=\/wp\/v2\/types\/page"}],"author":[{"embeddable":true,"href":"https:\/\/test1.wunder-entdecken.at\/index.php?rest_route=\/wp\/v2\/users\/1"}],"replies":[{"embeddable":true,"href":"https:\/\/test1.wunder-entdecken.at\/index.php?rest_route=%2Fwp%2Fv2%2Fcomments&post=137"}],"version-history":[{"count":17,"href":"https:\/\/test1.wunder-entdecken.at\/index.php?rest_route=\/wp\/v2\/pages\/137\/revisions"}],"predecessor-version":[{"id":858,"href":"https:\/\/test1.wunder-entdecken.at\/index.php?rest_route=\/wp\/v2\/pages\/137\/revisions\/858"}],"wp:attachment":[{"href":"https:\/\/test1.wunder-entdecken.at\/index.php?rest_route=%2Fwp%2Fv2%2Fmedia&parent=137"}],"curies":[{"name":"wp","href":"https:\/\/api.w.org\/{rel}","templated":true}]}}