{"id":20,"date":"2019-10-09T15:24:09","date_gmt":"2019-10-09T13:24:09","guid":{"rendered":"http:\/\/net-spirit.at\/?page_id=20"},"modified":"2024-11-17T18:01:38","modified_gmt":"2024-11-17T17:01:38","slug":"kontakt","status":"publish","type":"page","link":"https:\/\/test1.wunder-entdecken.at\/?page_id=20","title":{"rendered":"Kontakt"},"content":{"rendered":"\n<p><strong>wunder-entdecken.at<\/strong><br>Ignaz-K\u00f6ck-Stra\u00dfe 1\/2.OG<br>A-1210 Wien<br>\u00d6sterreich<\/p>\n\n\n\n<p>Telefon +43 676 319 39 57<\/p>\n\n\n\n<p>E-Mail: <a href=\"mailto:claudia@wunder-entdecken.at\">claudia@wunder-entdecken.at<\/a><\/p>\n\n\n\n<div class=\"wpcf7 no-js\" id=\"wpcf7-f34-o1\" lang=\"de-DE\" dir=\"ltr\" data-wpcf7-id=\"34\">\n<div class=\"screen-reader-response\"><p role=\"status\" aria-live=\"polite\" aria-atomic=\"true\"><\/p> <ul><\/ul><\/div>\n<form action=\"\/index.php?rest_route=%2Fwp%2Fv2%2Fpages%2F20#wpcf7-f34-o1\" method=\"post\" class=\"wpcf7-form init\" aria-label=\"Kontaktformular\" novalidate=\"novalidate\" data-status=\"init\">\n<fieldset class=\"hidden-fields-container\"><input type=\"hidden\" name=\"_wpcf7\" value=\"34\" \/><input type=\"hidden\" name=\"_wpcf7_version\" value=\"6.1.4\" \/><input type=\"hidden\" name=\"_wpcf7_locale\" value=\"de_DE\" \/><input type=\"hidden\" name=\"_wpcf7_unit_tag\" value=\"wpcf7-f34-o1\" \/><input type=\"hidden\" name=\"_wpcf7_container_post\" value=\"0\" \/><input type=\"hidden\" name=\"_wpcf7_posted_data_hash\" value=\"\" \/><input type=\"hidden\" name=\"_wpcf7_recaptcha_response\" value=\"\" \/>\n<\/fieldset>\n<p><label> Dein Name (Pflichtfeld)<br \/>\n<span class=\"wpcf7-form-control-wrap\" data-name=\"your-name\"><input size=\"40\" maxlength=\"400\" class=\"wpcf7-form-control wpcf7-text wpcf7-validates-as-required\" aria-required=\"true\" aria-invalid=\"false\" value=\"\" type=\"text\" name=\"your-name\" \/><\/span> <\/label>\n<\/p>\n<p><label> Deine E-Mail-Adresse (Pflichtfeld)<br \/>\n<span class=\"wpcf7-form-control-wrap\" data-name=\"your-email\"><input size=\"40\" maxlength=\"400\" class=\"wpcf7-form-control wpcf7-email wpcf7-validates-as-required wpcf7-text wpcf7-validates-as-email\" aria-required=\"true\" aria-invalid=\"false\" value=\"\" type=\"email\" name=\"your-email\" \/><\/span> <\/label>\n<\/p>\n<p><label> Betreff<br \/>\n<span class=\"wpcf7-form-control-wrap\" data-name=\"your-subject\"><input size=\"40\" maxlength=\"400\" class=\"wpcf7-form-control wpcf7-text\" aria-invalid=\"false\" value=\"\" type=\"text\" name=\"your-subject\" \/><\/span> <\/label>\n<\/p>\n<p><label> Deine Nachricht<br \/>\n<span class=\"wpcf7-form-control-wrap\" data-name=\"your-message\"><textarea cols=\"40\" rows=\"10\" maxlength=\"2000\" class=\"wpcf7-form-control wpcf7-textarea\" aria-invalid=\"false\" name=\"your-message\"><\/textarea><\/span> <\/label>\n<\/p>\n<p><input class=\"wpcf7-form-control wpcf7-submit has-spinner\" type=\"submit\" value=\"Senden\" \/>\n<\/p><div class=\"wpcf7-response-output\" aria-hidden=\"true\"><\/div>\n<\/form>\n<\/div>\n\n\n\n\n<p>Ich stimme zu, dass meine pers\u00f6nlichen Daten&nbsp;von net-sol GmbH, Ignaz-K\u00f6ck-Stra\u00dfe 1, A-1210 Wien zur Kontaktaufnahme und Vereinbarung von Terminen verwendet werden darf.<\/p>\n\n\n\n<p>Diese Einwilligungserkl\u00e4rung kann jederzeit  per eMail an claudia@net-spirit.at widerrufen werden. Informationen zum Datenschutz der net-sol GmbH sind auf der Website&nbsp;<a href=\"https:\/\/www.net-sol.at\/datenschutz-01.html\">www.net-sol.at\/datenschutz<\/a>&nbsp;zu finden.<\/p>\n\n\n\n\n\n<p><\/p>\n","protected":false},"excerpt":{"rendered":"<p>wunder-entdecken.atIgnaz-K\u00f6ck-Stra\u00dfe 1\/2.OGA-1210 Wien\u00d6sterreich Telefon +43 676 319 39 57 E-Mail: claudia@wunder-entdecken.at Ich stimme zu, dass meine pers\u00f6nlichen Daten&nbsp;von net-sol GmbH, Ignaz-K\u00f6ck-Stra\u00dfe 1, A-1210 Wien zur Kontaktaufnahme und Vereinbarung von Terminen verwendet werden darf. Diese Einwilligungserkl\u00e4rung kann jederzeit per eMail an claudia@net-spirit.at widerrufen werden. Informationen zum Datenschutz der net-sol GmbH sind [&hellip;]<\/p>\n","protected":false},"author":1,"featured_media":0,"parent":0,"menu_order":0,"comment_status":"closed","ping_status":"closed","template":"","meta":{"footnotes":""},"class_list":["post-20","page","type-page","status-publish","hentry"],"_links":{"self":[{"href":"https:\/\/test1.wunder-entdecken.at\/index.php?rest_route=\/wp\/v2\/pages\/20","targetHints":{"allow":["GET"]}}],"collection":[{"href":"https:\/\/test1.wunder-entdecken.at\/index.php?rest_route=\/wp\/v2\/pages"}],"about":[{"href":"https:\/\/test1.wunder-entdecken.at\/index.php?rest_route=\/wp\/v2\/types\/page"}],"author":[{"embeddable":true,"href":"https:\/\/test1.wunder-entdecken.at\/index.php?rest_route=\/wp\/v2\/users\/1"}],"replies":[{"embeddable":true,"href":"https:\/\/test1.wunder-entdecken.at\/index.php?rest_route=%2Fwp%2Fv2%2Fcomments&post=20"}],"version-history":[{"count":9,"href":"https:\/\/test1.wunder-entdecken.at\/index.php?rest_route=\/wp\/v2\/pages\/20\/revisions"}],"predecessor-version":[{"id":861,"href":"https:\/\/test1.wunder-entdecken.at\/index.php?rest_route=\/wp\/v2\/pages\/20\/revisions\/861"}],"wp:attachment":[{"href":"https:\/\/test1.wunder-entdecken.at\/index.php?rest_route=%2Fwp%2Fv2%2Fmedia&parent=20"}],"curies":[{"name":"wp","href":"https:\/\/api.w.org\/{rel}","templated":true}]}}