{"id":343,"date":"2019-10-11T19:08:11","date_gmt":"2019-10-11T17:08:11","guid":{"rendered":"http:\/\/net-spirit.at\/?page_id=343"},"modified":"2024-11-17T18:26:51","modified_gmt":"2024-11-17T17:26:51","slug":"traumaloesung","status":"publish","type":"page","link":"https:\/\/test1.wunder-entdecken.at\/?page_id=343","title":{"rendered":"Mental fokussierte Traumabehandlung"},"content":{"rendered":"\n<p class=\"has-text-align-left\">Trauma ist, wenn dein Gehirn beschlie\u00dft, eine Szene aus deinem Leben in Dauerschleife abzuspielen \u2013 und das in HD, mit Surround-Sound!!<\/p>\n<p>In der Behandlung begleite ich Dich in einen Zustand tiefer Entspannung es ist wie ein Powernap f\u00fcr dein Gehirn, aber anstatt zu tr\u00e4umen, h\u00f6rt Dein Unterbewusstsein einem Moderator zu, der sagt: \u2018Hey, wir \u00e4ndern jetzt mal ein paar Einstellungen!\u2019 Du bist wach, aber es f\u00fchlt sich an wie dieser Moment, wenn du im Halbschlaf denkst: \u2018Ich muss noch was erledigen\u2019, und dein Gehirn antwortet: \u2018Keine Sorge, ich mach das f\u00fcr dich.\u2019<\/p>\n<p>Kurz gesagt: Dein Bewusstsein macht Pause, dein Unterbewusstsein geht auf \u2018Jetzt h\u00f6r ich mal richtig zu\u2019-Modus.<br \/>Und in diesem Modus k\u00f6nnen z.B. \u00c4ngste, Schmerzen oder Verhaltensweisen die durch dramatische Ereignisse abgespeichert wurden bearbeitet und zum l\u00f6schen freigegeben werden.<\/p>\n<p>Ein Trauma gilt als \u201ebearbeitet\u201c, wenn es nicht mehr wie ein l\u00e4stiger St\u00f6rsender in deinem Leben ist. Es f\u00fchlt sich an, als ob du es aus deinem Kopf in eine \u201eAbgelegt\u201c-Box gepackt hast. Du kannst \u00fcber das Erlebnis nachdenken, ohne dass es dich sofort \u00fcberw\u00e4ltigt. Es ist wie ein altes, schmerzhaftes Kapitel, das du durchgearbeitet hast \u2013 du bist nicht mehr im st\u00e4ndigen Kampf mit der Erinnerung, und du kannst wieder entspannen, ohne dass dein K\u00f6rper in den Alarmmodus schaltet. Einfach gesagt: Du hast deinen Frieden mit der Sache gemacht, auch wenn du sie nicht vergessen hast.<\/p>\n<p class=\"has-text-align-left\">Gratulation Kapitel schlie\u00dfen!<\/p>\n\n\n\n<p><\/p>\n","protected":false},"excerpt":{"rendered":"<p>Trauma ist, wenn dein Gehirn beschlie\u00dft, eine Szene aus deinem Leben in Dauerschleife abzuspielen \u2013 und das in HD, mit Surround-Sound!! In der Behandlung begleite ich Dich in einen Zustand tiefer Entspannung es ist wie ein Powernap f\u00fcr dein Gehirn, aber anstatt zu tr\u00e4umen, h\u00f6rt Dein Unterbewusstsein einem Moderator zu, [&hellip;]<\/p>\n","protected":false},"author":1,"featured_media":0,"parent":222,"menu_order":0,"comment_status":"closed","ping_status":"closed","template":"","meta":{"footnotes":""},"class_list":["post-343","page","type-page","status-publish","hentry"],"_links":{"self":[{"href":"https:\/\/test1.wunder-entdecken.at\/index.php?rest_route=\/wp\/v2\/pages\/343","targetHints":{"allow":["GET"]}}],"collection":[{"href":"https:\/\/test1.wunder-entdecken.at\/index.php?rest_route=\/wp\/v2\/pages"}],"about":[{"href":"https:\/\/test1.wunder-entdecken.at\/index.php?rest_route=\/wp\/v2\/types\/page"}],"author":[{"embeddable":true,"href":"https:\/\/test1.wunder-entdecken.at\/index.php?rest_route=\/wp\/v2\/users\/1"}],"replies":[{"embeddable":true,"href":"https:\/\/test1.wunder-entdecken.at\/index.php?rest_route=%2Fwp%2Fv2%2Fcomments&post=343"}],"version-history":[{"count":16,"href":"https:\/\/test1.wunder-entdecken.at\/index.php?rest_route=\/wp\/v2\/pages\/343\/revisions"}],"predecessor-version":[{"id":879,"href":"https:\/\/test1.wunder-entdecken.at\/index.php?rest_route=\/wp\/v2\/pages\/343\/revisions\/879"}],"up":[{"embeddable":true,"href":"https:\/\/test1.wunder-entdecken.at\/index.php?rest_route=\/wp\/v2\/pages\/222"}],"wp:attachment":[{"href":"https:\/\/test1.wunder-entdecken.at\/index.php?rest_route=%2Fwp%2Fv2%2Fmedia&parent=343"}],"curies":[{"name":"wp","href":"https:\/\/api.w.org\/{rel}","templated":true}]}}