{"id":344,"date":"2019-10-11T19:08:11","date_gmt":"2019-10-11T17:08:11","guid":{"rendered":"http:\/\/net-spirit.at\/?page_id=344"},"modified":"2024-11-17T18:32:09","modified_gmt":"2024-11-17T17:32:09","slug":"hypnosespirituele-rueckfuehrung","status":"publish","type":"page","link":"https:\/\/test1.wunder-entdecken.at\/?page_id=344","title":{"rendered":"spirituelle R\u00fcckf\u00fchrung"},"content":{"rendered":"\n<p>Spirituelle R\u00fcckf\u00fchrung ist eine Technik, bei der man sich auf eine Reise in die Vergangenheit begibt \u2013 aber nicht in der gew\u00f6hnlichen Zeitform, sondern auf einer geistigen Ebene. Man stellt sich vor, dass man in fr\u00fchere Leben oder Kindheitserinnerungen zur\u00fcckkehrt, um daraus Weisheiten zu ziehen oder unerledigte Themen zu l\u00f6sen.<\/p>\n<p>Man k\u00f6nnte es so erkl\u00e4ren: Stell Dir vor, du hast einen Stapel von alten Tageb\u00fcchern, die du nie gelesen hast. Die spirituelle R\u00fcckf\u00fchrung hilft Dir, ein paar Seiten aus diesen Tagen aufzuschlagen, damit du verstehst, warum du heute so bist, wie du bist. Vielleicht hast du damals einen Fehler gemacht, der Dir immer noch im Weg steht, oder du hast eine F\u00e4higkeit entwickelt, die du heute wieder gebrauchen k\u00f6nntest.<\/p>\n<p>Humorvoll gesagt: Es ist wie ein \u201eSeelenurlaub\u201c, bei dem du auf Entdeckungstour in deinen eigenen, tiefen Erinnerungen gehst. Es ist eine Reise, bei der du keine Koffer packen musst, sondern einfach in deinem Kopf durch Zeit und Raum reist, um Dich selbst ein bisschen besser zu verstehen.<br \/>Durch verschiedene Entspannungstechniken f\u00fchre und begleite ich Dich auf Deiner Reise in die faszinierende Welt Deiner Seele.<\/p>\n\n\n\n<p><\/p>\n","protected":false},"excerpt":{"rendered":"<p>Spirituelle R\u00fcckf\u00fchrung ist eine Technik, bei der man sich auf eine Reise in die Vergangenheit begibt \u2013 aber nicht in der gew\u00f6hnlichen Zeitform, sondern auf einer geistigen Ebene. Man stellt sich vor, dass man in fr\u00fchere Leben oder Kindheitserinnerungen zur\u00fcckkehrt, um daraus Weisheiten zu ziehen oder unerledigte Themen zu l\u00f6sen. [&hellip;]<\/p>\n","protected":false},"author":1,"featured_media":0,"parent":222,"menu_order":0,"comment_status":"closed","ping_status":"closed","template":"","meta":{"footnotes":""},"class_list":["post-344","page","type-page","status-publish","hentry"],"_links":{"self":[{"href":"https:\/\/test1.wunder-entdecken.at\/index.php?rest_route=\/wp\/v2\/pages\/344","targetHints":{"allow":["GET"]}}],"collection":[{"href":"https:\/\/test1.wunder-entdecken.at\/index.php?rest_route=\/wp\/v2\/pages"}],"about":[{"href":"https:\/\/test1.wunder-entdecken.at\/index.php?rest_route=\/wp\/v2\/types\/page"}],"author":[{"embeddable":true,"href":"https:\/\/test1.wunder-entdecken.at\/index.php?rest_route=\/wp\/v2\/users\/1"}],"replies":[{"embeddable":true,"href":"https:\/\/test1.wunder-entdecken.at\/index.php?rest_route=%2Fwp%2Fv2%2Fcomments&post=344"}],"version-history":[{"count":19,"href":"https:\/\/test1.wunder-entdecken.at\/index.php?rest_route=\/wp\/v2\/pages\/344\/revisions"}],"predecessor-version":[{"id":884,"href":"https:\/\/test1.wunder-entdecken.at\/index.php?rest_route=\/wp\/v2\/pages\/344\/revisions\/884"}],"up":[{"embeddable":true,"href":"https:\/\/test1.wunder-entdecken.at\/index.php?rest_route=\/wp\/v2\/pages\/222"}],"wp:attachment":[{"href":"https:\/\/test1.wunder-entdecken.at\/index.php?rest_route=%2Fwp%2Fv2%2Fmedia&parent=344"}],"curies":[{"name":"wp","href":"https:\/\/api.w.org\/{rel}","templated":true}]}}